{"id":1705,"date":"2024-04-22T12:46:50","date_gmt":"2024-04-22T17:46:50","guid":{"rendered":"https:\/\/neoprenocoronel.com\/?page_id=1705"},"modified":"2024-04-28T15:17:21","modified_gmt":"2024-04-28T20:17:21","slug":"importa-con-nosotros","status":"publish","type":"page","link":"https:\/\/neoprenocoronel.com\/?page_id=1705","title":{"rendered":"IMPORTA CON NOSOTROS"},"content":{"rendered":"\t\t<div data-elementor-type=\"wp-page\" data-elementor-id=\"1705\" class=\"elementor elementor-1705\">\n\t\t\t\t\t\t<section class=\"elementor-section elementor-top-section elementor-element elementor-element-5b828e3 elementor-section-boxed elementor-section-height-default elementor-section-height-default\" data-id=\"5b828e3\" data-element_type=\"section\" data-e-type=\"section\" data-settings=\"{&quot;background_background&quot;:&quot;classic&quot;}\">\n\t\t\t\t\t\t\t<div class=\"elementor-background-overlay\"><\/div>\n\t\t\t\t\t\t\t<div class=\"elementor-container elementor-column-gap-no\">\n\t\t\t\t\t<div class=\"elementor-column elementor-col-100 elementor-top-column elementor-element elementor-element-73f9b90\" data-id=\"73f9b90\" data-element_type=\"column\" data-e-type=\"column\">\n\t\t\t<div class=\"elementor-widget-wrap elementor-element-populated\">\n\t\t\t\t\t\t<div class=\"elementor-element elementor-element-6cb9832 elementor-widget elementor-widget-heading\" data-id=\"6cb9832\" data-element_type=\"widget\" data-e-type=\"widget\" data-widget_type=\"heading.default\">\n\t\t\t\t<div class=\"elementor-widget-container\">\n\t\t\t\t\t<h1 class=\"elementor-heading-title elementor-size-default\">importa con nosotros<\/h1>\t\t\t\t<\/div>\n\t\t\t\t<\/div>\n\t\t\t\t\t<\/div>\n\t\t<\/div>\n\t\t\t\t\t<\/div>\n\t\t<\/section>\n\t\t\t\t<section class=\"elementor-section elementor-top-section elementor-element elementor-element-9ca55ae elementor-section-boxed elementor-section-height-default elementor-section-height-default\" data-id=\"9ca55ae\" data-element_type=\"section\" data-e-type=\"section\" data-settings=\"{&quot;background_background&quot;:&quot;classic&quot;}\">\n\t\t\t\t\t\t<div class=\"elementor-container elementor-column-gap-no\">\n\t\t\t\t\t<div class=\"elementor-column elementor-col-100 elementor-top-column elementor-element elementor-element-285d1fe\" data-id=\"285d1fe\" data-element_type=\"column\" data-e-type=\"column\">\n\t\t\t<div class=\"elementor-widget-wrap elementor-element-populated\">\n\t\t\t\t\t\t<div class=\"elementor-element elementor-element-a1a8fe3 elementor-widget elementor-widget-text-editor\" data-id=\"a1a8fe3\" data-element_type=\"widget\" data-e-type=\"widget\" data-widget_type=\"text-editor.default\">\n\t\t\t\t<div class=\"elementor-widget-container\">\n\t\t\t\t\t\t\t\t\t<h2 style=\"text-align: center;\"><strong>Servicio de b\u00fasqueda de productos y proveedores.<\/strong><\/h2><div class=\"product-layout product-grid col-lg-12 col-md-12 col-sm-12 col-xs-12\"><p style=\"text-align: left;\"><img decoding=\"async\" class=\"size-full wp-image-1832 alignleft\" src=\"http:\/\/neoprenocoronel.com\/wp-content\/uploads\/2024\/04\/1ra-.png\" alt=\"\" width=\"102\" height=\"101\" \/> \u00a0 \u00a0<\/p><p style=\"text-align: left;\">Si est\u00e1 pensando en\u00a0<strong>importar productos<\/strong> necesita encontrar el art\u00edculo m\u00e1s conveniente para su negocio, nuestra oficina se encarga de encontrar los fabricantes que proporcionen la\u00a0<strong>mejor\u00a0 calidad y precio<\/strong>, haciendo que usted ahorre tiempo y dinero en el proceso de b\u00fasqueda y ubicaci\u00f3n de proveedores.\u00a0Somos la oficina de compras\u00a0 y departamento\u00a0 de comercio exterior\u00a0 de varias empresas en Latinoam\u00e9rica.<\/p><hr \/><h2 style=\"text-align: center;\"><strong>Servicio de negociaci\u00f3n de precios y t\u00e9rminos de pago.<\/strong><\/h2><h2 style=\"text-align: left;\"><img decoding=\"async\" class=\"size-full wp-image-1833 alignleft\" src=\"http:\/\/neoprenocoronel.com\/wp-content\/uploads\/2024\/04\/5.png\" alt=\"\" width=\"102\" height=\"101\" \/><\/h2><p style=\"text-align: left;\">Nuestro personal\u00a0 domina los idiomas mandar\u00edn, ingl\u00e9s, espa\u00f1ol y aleman,\u00a0 logrando una \u00f3ptima comunicaci\u00f3n con su proveedor. La experiencia\u00a0 e intercambio cultural de nuestros profesionales le garantizar\u00e1n la obtenci\u00f3n de los mejores beneficios en la negociaci\u00f3n, adem\u00e1s de un conveniente precio de los productos que usted demande. A solicitud de nuestros clientes, suscribimos convenios de exclusividad y confidencialidad, \u00a0Aseguramos sus pagos\u00a0 y representamos a su compa\u00f1\u00eda.<\/p><h2 style=\"text-align: center;\"><strong>\u00a0Desarrollo de mejoramiento del producto y marcas propias\u00a0<\/strong><\/h2><h2 style=\"text-align: center;\"><img decoding=\"async\" class=\"wp-image-1834 alignleft\" src=\"http:\/\/neoprenocoronel.com\/wp-content\/uploads\/2024\/04\/45.png\" alt=\"\" width=\"116\" height=\"115\" \/><\/h2><p style=\"text-align: left;\">Nos encargaremos de supervisar la producci\u00f3n y fabricaci\u00f3n de sus pedidos para que \u00e9stos sean terminados en el tiempo estipulado y con las caracter\u00edsticas y condiciones pactadas, mientras usted puede dedicar m\u00e1s tiempo a la gerencia de su negocio en Latinoam\u00e9rica.<\/p><hr \/><h2 style=\"text-align: center;\"><strong>Consolidaci\u00f3n de mercanc\u00eda y embarque en puerto<img loading=\"lazy\" decoding=\"async\" class=\"size-full wp-image-1835 alignleft\" src=\"http:\/\/neoprenocoronel.com\/wp-content\/uploads\/2024\/04\/3.png\" alt=\"\" width=\"102\" height=\"101\" \/><\/strong><\/h2><p style=\"text-align: left;\">Si su pedido es de diferentes f\u00e1bricas y diferentes referencias, nuestro personal\u00a0 encargar\u00e1 de consolidar la carga y embarcar la mercanc\u00eda en uno o varios contenedores, seg\u00fan se requiera. Esto le dar\u00e1 la posibilidad de diversificar su pedido. Asesoramos en los <strong>documentos de exportaci\u00f3n<\/strong>\u00a0y el la\u00a0<strong>coordinaci\u00f3n log\u00edstica de embarque<\/strong>.<\/p><hr \/><h2 style=\"text-align: center;\">\u00a0 \u00a0\u00a0<strong>Control de calidad y revisi\u00f3n de productos terminados<\/strong><\/h2><h2 style=\"text-align: center;\"><strong>\u00a0 \u00a0 \u00a0 \u00a0 \u00a0 \u00a0 \u00a0 \u00a0 \u00a0 \u00a0 \u00a0 \u00a0 \u00a0 \u00a0 \u00a0 <img loading=\"lazy\" decoding=\"async\" class=\"size-full wp-image-1836 alignleft\" src=\"http:\/\/neoprenocoronel.com\/wp-content\/uploads\/2024\/04\/2.png\" alt=\"\" width=\"102\" height=\"101\" \/><\/strong><\/h2><p style=\"text-align: left;\">Contamos con un departamento de control de calidad dirigido y constituido por personal de gran experiencia e hispanohablante para facilitar la comunicaci\u00f3n y apoyo t\u00e9cnico a nuestros clientes en su propio idioma.\u00a0<strong>Nuestra empresa realiza la revisi\u00f3n del producto terminado<\/strong>, verificando el buen estado de su compra de acuerdo con los t\u00e9rminos pactados en la negociaci\u00f3n y siguiendo los est\u00e1ndares internacionales de calidad. Este servicio le garantiza que su producto tendr\u00e1 una excelente aceptaci\u00f3n en su mercado de destino. Entregamos a nuestros clientes un reporte de calidad escrito, con im\u00e1genes de sus productos antes que la f\u00e1brica realice el embarque<\/p><\/div>\t\t\t\t\t\t\t\t<\/div>\n\t\t\t\t<\/div>\n\t\t\t\t\t<\/div>\n\t\t<\/div>\n\t\t\t\t\t<\/div>\n\t\t<\/section>\n\t\t\t\t<section class=\"elementor-section elementor-top-section elementor-element elementor-element-8cd69c7 elementor-section-boxed elementor-section-height-default elementor-section-height-default\" data-id=\"8cd69c7\" data-element_type=\"section\" data-e-type=\"section\" data-settings=\"{&quot;background_background&quot;:&quot;classic&quot;}\">\n\t\t\t\t\t\t<div class=\"elementor-container elementor-column-gap-no\">\n\t\t\t\t\t<div class=\"elementor-column elementor-col-100 elementor-top-column elementor-element elementor-element-eabaf89\" data-id=\"eabaf89\" data-element_type=\"column\" data-e-type=\"column\">\n\t\t\t<div class=\"elementor-widget-wrap elementor-element-populated\">\n\t\t\t\t\t\t<div class=\"elementor-element elementor-element-36a986b elementor-widget elementor-widget-heading\" data-id=\"36a986b\" data-element_type=\"widget\" data-e-type=\"widget\" data-widget_type=\"heading.default\">\n\t\t\t\t<div class=\"elementor-widget-container\">\n\t\t\t\t\t<h2 class=\"elementor-heading-title elementor-size-default\">PRODUCTOS DESTACADOS<\/h2>\t\t\t\t<\/div>\n\t\t\t\t<\/div>\n\t\t\t\t\t<\/div>\n\t\t<\/div>\n\t\t\t\t\t<\/div>\n\t\t<\/section>\n\t\t\t\t<\/div>\n\t\t","protected":false},"excerpt":{"rendered":"<p>importa con nosotros Servicio de b\u00fasqueda de productos y proveedores. \u00a0 \u00a0 Si est\u00e1 pensando en\u00a0importar productos necesita encontrar el art\u00edculo m\u00e1s conveniente para su negocio, nuestra oficina se encarga de encontrar los fabricantes que proporcionen la\u00a0mejor\u00a0 calidad y precio, haciendo que usted ahorre tiempo y dinero en el proceso de b\u00fasqueda y ubicaci\u00f3n de [&hellip;]<\/p>\n","protected":false},"author":1,"featured_media":0,"parent":0,"menu_order":0,"comment_status":"closed","ping_status":"closed","template":"","meta":{"site-sidebar-layout":"no-sidebar","site-content-layout":"page-builder","ast-site-content-layout":"default","site-content-style":"default","site-sidebar-style":"default","ast-global-header-display":"","ast-banner-title-visibility":"","ast-main-header-display":"","ast-hfb-above-header-display":"","ast-hfb-below-header-display":"","ast-hfb-mobile-header-display":"","site-post-title":"disabled","ast-breadcrumbs-content":"disabled","ast-featured-img":"disabled","footer-sml-layout":"","ast-disable-related-posts":"","theme-transparent-header-meta":"enabled","adv-header-id-meta":"","stick-header-meta":"","header-above-stick-meta":"","header-main-stick-meta":"","header-below-stick-meta":"","astra-migrate-meta-layouts":"default","ast-page-background-enabled":"default","ast-page-background-meta":{"desktop":{"background-color":"var(--ast-global-color-4)","background-image":"","background-repeat":"repeat","background-position":"center center","background-size":"auto","background-attachment":"scroll","background-type":"","background-media":"","overlay-type":"","overlay-color":"","overlay-opacity":"","overlay-gradient":""},"tablet":{"background-color":"","background-image":"","background-repeat":"repeat","background-position":"center center","background-size":"auto","background-attachment":"scroll","background-type":"","background-media":"","overlay-type":"","overlay-color":"","overlay-opacity":"","overlay-gradient":""},"mobile":{"background-color":"","background-image":"","background-repeat":"repeat","background-position":"center center","background-size":"auto","background-attachment":"scroll","background-type":"","background-media":"","overlay-type":"","overlay-color":"","overlay-opacity":"","overlay-gradient":""}},"ast-content-background-meta":{"desktop":{"background-color":"var(--ast-global-color-5)","background-image":"","background-repeat":"repeat","background-position":"center center","background-size":"auto","background-attachment":"scroll","background-type":"","background-media":"","overlay-type":"","overlay-color":"","overlay-opacity":"","overlay-gradient":""},"tablet":{"background-color":"var(--ast-global-color-5)","background-image":"","background-repeat":"repeat","background-position":"center center","background-size":"auto","background-attachment":"scroll","background-type":"","background-media":"","overlay-type":"","overlay-color":"","overlay-opacity":"","overlay-gradient":""},"mobile":{"background-color":"var(--ast-global-color-5)","background-image":"","background-repeat":"repeat","background-position":"center center","background-size":"auto","background-attachment":"scroll","background-type":"","background-media":"","overlay-type":"","overlay-color":"","overlay-opacity":"","overlay-gradient":""}},"_joinchat":[],"footnotes":""},"class_list":["post-1705","page","type-page","status-publish","hentry"],"yoast_head":"<!-- This site is optimized with the Yoast SEO plugin v27.5 - https:\/\/yoast.com\/product\/yoast-seo-wordpress\/ -->\n<title>IMPORTA CON NOSOTROS - COMERCIALIZADORA CORONEL C.A<\/title>\n<meta name=\"robots\" content=\"index, follow, max-snippet:-1, max-image-preview:large, max-video-preview:-1\" \/>\n<link rel=\"canonical\" href=\"https:\/\/neoprenocoronel.com\/?page_id=1705\" \/>\n<meta property=\"og:locale\" content=\"es_ES\" \/>\n<meta property=\"og:type\" content=\"article\" \/>\n<meta property=\"og:title\" content=\"IMPORTA CON NOSOTROS - COMERCIALIZADORA CORONEL C.A\" \/>\n<meta property=\"og:description\" content=\"importa con nosotros Servicio de b\u00fasqueda de productos y proveedores. \u00a0 \u00a0 Si est\u00e1 pensando en\u00a0importar productos necesita encontrar el art\u00edculo m\u00e1s conveniente para su negocio, nuestra oficina se encarga de encontrar los fabricantes que proporcionen la\u00a0mejor\u00a0 calidad y precio, haciendo que usted ahorre tiempo y dinero en el proceso de b\u00fasqueda y ubicaci\u00f3n de [&hellip;]\" \/>\n<meta property=\"og:url\" content=\"https:\/\/neoprenocoronel.com\/?page_id=1705\" \/>\n<meta property=\"og:site_name\" content=\"COMERCIALIZADORA CORONEL C.A\" \/>\n<meta property=\"article:publisher\" content=\"https:\/\/www.facebook.com\/ComecIndustrial\" \/>\n<meta property=\"article:modified_time\" content=\"2024-04-28T20:17:21+00:00\" \/>\n<meta property=\"og:image\" content=\"http:\/\/neoprenocoronel.com\/wp-content\/uploads\/2024\/04\/1ra-.png\" \/>\n<meta name=\"twitter:card\" content=\"summary_large_image\" \/>\n<meta name=\"twitter:label1\" content=\"Tiempo de lectura\" \/>\n\t<meta name=\"twitter:data1\" content=\"5 minutos\" \/>\n<script type=\"application\/ld+json\" class=\"yoast-schema-graph\">{\"@context\":\"https:\\\/\\\/schema.org\",\"@graph\":[{\"@type\":\"WebPage\",\"@id\":\"https:\\\/\\\/neoprenocoronel.com\\\/?page_id=1705\",\"url\":\"https:\\\/\\\/neoprenocoronel.com\\\/?page_id=1705\",\"name\":\"IMPORTA CON NOSOTROS - COMERCIALIZADORA CORONEL C.A\",\"isPartOf\":{\"@id\":\"https:\\\/\\\/neoprenocoronel.com\\\/#website\"},\"primaryImageOfPage\":{\"@id\":\"https:\\\/\\\/neoprenocoronel.com\\\/?page_id=1705#primaryimage\"},\"image\":{\"@id\":\"https:\\\/\\\/neoprenocoronel.com\\\/?page_id=1705#primaryimage\"},\"thumbnailUrl\":\"http:\\\/\\\/neoprenocoronel.com\\\/wp-content\\\/uploads\\\/2024\\\/04\\\/1ra-.png\",\"datePublished\":\"2024-04-22T17:46:50+00:00\",\"dateModified\":\"2024-04-28T20:17:21+00:00\",\"breadcrumb\":{\"@id\":\"https:\\\/\\\/neoprenocoronel.com\\\/?page_id=1705#breadcrumb\"},\"inLanguage\":\"es-CO\",\"potentialAction\":[{\"@type\":\"ReadAction\",\"target\":[\"https:\\\/\\\/neoprenocoronel.com\\\/?page_id=1705\"]}]},{\"@type\":\"ImageObject\",\"inLanguage\":\"es-CO\",\"@id\":\"https:\\\/\\\/neoprenocoronel.com\\\/?page_id=1705#primaryimage\",\"url\":\"https:\\\/\\\/neoprenocoronel.com\\\/wp-content\\\/uploads\\\/2024\\\/04\\\/1ra-.png\",\"contentUrl\":\"https:\\\/\\\/neoprenocoronel.com\\\/wp-content\\\/uploads\\\/2024\\\/04\\\/1ra-.png\",\"width\":102,\"height\":101},{\"@type\":\"BreadcrumbList\",\"@id\":\"https:\\\/\\\/neoprenocoronel.com\\\/?page_id=1705#breadcrumb\",\"itemListElement\":[{\"@type\":\"ListItem\",\"position\":1,\"name\":\"Inicio\",\"item\":\"https:\\\/\\\/neoprenocoronel.com\\\/\"},{\"@type\":\"ListItem\",\"position\":2,\"name\":\"IMPORTA CON NOSOTROS\"}]},{\"@type\":\"WebSite\",\"@id\":\"https:\\\/\\\/neoprenocoronel.com\\\/#website\",\"url\":\"https:\\\/\\\/neoprenocoronel.com\\\/\",\"name\":\"COMERCIALIZADORA CORONEL C.A\",\"description\":\"comercializamos todo tipo de material industrial, cauchos neopreno, laminas de baquelita y mucho mas\",\"publisher\":{\"@id\":\"https:\\\/\\\/neoprenocoronel.com\\\/#organization\"},\"potentialAction\":[{\"@type\":\"SearchAction\",\"target\":{\"@type\":\"EntryPoint\",\"urlTemplate\":\"https:\\\/\\\/neoprenocoronel.com\\\/?s={search_term_string}\"},\"query-input\":{\"@type\":\"PropertyValueSpecification\",\"valueRequired\":true,\"valueName\":\"search_term_string\"}}],\"inLanguage\":\"es-CO\"},{\"@type\":\"Organization\",\"@id\":\"https:\\\/\\\/neoprenocoronel.com\\\/#organization\",\"name\":\"COMERCIALIZADORA CORONEL C.A\",\"url\":\"https:\\\/\\\/neoprenocoronel.com\\\/\",\"logo\":{\"@type\":\"ImageObject\",\"inLanguage\":\"es-CO\",\"@id\":\"https:\\\/\\\/neoprenocoronel.com\\\/#\\\/schema\\\/logo\\\/image\\\/\",\"url\":\"https:\\\/\\\/neoprenocoronel.com\\\/wp-content\\\/uploads\\\/2024\\\/04\\\/coronel.jpg\",\"contentUrl\":\"https:\\\/\\\/neoprenocoronel.com\\\/wp-content\\\/uploads\\\/2024\\\/04\\\/coronel.jpg\",\"width\":1056,\"height\":1080,\"caption\":\"COMERCIALIZADORA CORONEL C.A\"},\"image\":{\"@id\":\"https:\\\/\\\/neoprenocoronel.com\\\/#\\\/schema\\\/logo\\\/image\\\/\"},\"sameAs\":[\"https:\\\/\\\/www.facebook.com\\\/ComecIndustrial\"]}]}<\/script>\n<!-- \/ Yoast SEO plugin. -->","yoast_head_json":{"title":"IMPORTA CON NOSOTROS - COMERCIALIZADORA CORONEL C.A","robots":{"index":"index","follow":"follow","max-snippet":"max-snippet:-1","max-image-preview":"max-image-preview:large","max-video-preview":"max-video-preview:-1"},"canonical":"https:\/\/neoprenocoronel.com\/?page_id=1705","og_locale":"es_ES","og_type":"article","og_title":"IMPORTA CON NOSOTROS - COMERCIALIZADORA CORONEL C.A","og_description":"importa con nosotros Servicio de b\u00fasqueda de productos y proveedores. \u00a0 \u00a0 Si est\u00e1 pensando en\u00a0importar productos necesita encontrar el art\u00edculo m\u00e1s conveniente para su negocio, nuestra oficina se encarga de encontrar los fabricantes que proporcionen la\u00a0mejor\u00a0 calidad y precio, haciendo que usted ahorre tiempo y dinero en el proceso de b\u00fasqueda y ubicaci\u00f3n de [&hellip;]","og_url":"https:\/\/neoprenocoronel.com\/?page_id=1705","og_site_name":"COMERCIALIZADORA CORONEL C.A","article_publisher":"https:\/\/www.facebook.com\/ComecIndustrial","article_modified_time":"2024-04-28T20:17:21+00:00","og_image":[{"url":"http:\/\/neoprenocoronel.com\/wp-content\/uploads\/2024\/04\/1ra-.png","type":"","width":"","height":""}],"twitter_card":"summary_large_image","twitter_misc":{"Tiempo de lectura":"5 minutos"},"schema":{"@context":"https:\/\/schema.org","@graph":[{"@type":"WebPage","@id":"https:\/\/neoprenocoronel.com\/?page_id=1705","url":"https:\/\/neoprenocoronel.com\/?page_id=1705","name":"IMPORTA CON NOSOTROS - COMERCIALIZADORA CORONEL C.A","isPartOf":{"@id":"https:\/\/neoprenocoronel.com\/#website"},"primaryImageOfPage":{"@id":"https:\/\/neoprenocoronel.com\/?page_id=1705#primaryimage"},"image":{"@id":"https:\/\/neoprenocoronel.com\/?page_id=1705#primaryimage"},"thumbnailUrl":"http:\/\/neoprenocoronel.com\/wp-content\/uploads\/2024\/04\/1ra-.png","datePublished":"2024-04-22T17:46:50+00:00","dateModified":"2024-04-28T20:17:21+00:00","breadcrumb":{"@id":"https:\/\/neoprenocoronel.com\/?page_id=1705#breadcrumb"},"inLanguage":"es-CO","potentialAction":[{"@type":"ReadAction","target":["https:\/\/neoprenocoronel.com\/?page_id=1705"]}]},{"@type":"ImageObject","inLanguage":"es-CO","@id":"https:\/\/neoprenocoronel.com\/?page_id=1705#primaryimage","url":"https:\/\/neoprenocoronel.com\/wp-content\/uploads\/2024\/04\/1ra-.png","contentUrl":"https:\/\/neoprenocoronel.com\/wp-content\/uploads\/2024\/04\/1ra-.png","width":102,"height":101},{"@type":"BreadcrumbList","@id":"https:\/\/neoprenocoronel.com\/?page_id=1705#breadcrumb","itemListElement":[{"@type":"ListItem","position":1,"name":"Inicio","item":"https:\/\/neoprenocoronel.com\/"},{"@type":"ListItem","position":2,"name":"IMPORTA CON NOSOTROS"}]},{"@type":"WebSite","@id":"https:\/\/neoprenocoronel.com\/#website","url":"https:\/\/neoprenocoronel.com\/","name":"COMERCIALIZADORA CORONEL C.A","description":"comercializamos todo tipo de material industrial, cauchos neopreno, laminas de baquelita y mucho mas","publisher":{"@id":"https:\/\/neoprenocoronel.com\/#organization"},"potentialAction":[{"@type":"SearchAction","target":{"@type":"EntryPoint","urlTemplate":"https:\/\/neoprenocoronel.com\/?s={search_term_string}"},"query-input":{"@type":"PropertyValueSpecification","valueRequired":true,"valueName":"search_term_string"}}],"inLanguage":"es-CO"},{"@type":"Organization","@id":"https:\/\/neoprenocoronel.com\/#organization","name":"COMERCIALIZADORA CORONEL C.A","url":"https:\/\/neoprenocoronel.com\/","logo":{"@type":"ImageObject","inLanguage":"es-CO","@id":"https:\/\/neoprenocoronel.com\/#\/schema\/logo\/image\/","url":"https:\/\/neoprenocoronel.com\/wp-content\/uploads\/2024\/04\/coronel.jpg","contentUrl":"https:\/\/neoprenocoronel.com\/wp-content\/uploads\/2024\/04\/coronel.jpg","width":1056,"height":1080,"caption":"COMERCIALIZADORA CORONEL C.A"},"image":{"@id":"https:\/\/neoprenocoronel.com\/#\/schema\/logo\/image\/"},"sameAs":["https:\/\/www.facebook.com\/ComecIndustrial"]}]}},"_links":{"self":[{"href":"https:\/\/neoprenocoronel.com\/index.php?rest_route=\/wp\/v2\/pages\/1705","targetHints":{"allow":["GET"]}}],"collection":[{"href":"https:\/\/neoprenocoronel.com\/index.php?rest_route=\/wp\/v2\/pages"}],"about":[{"href":"https:\/\/neoprenocoronel.com\/index.php?rest_route=\/wp\/v2\/types\/page"}],"author":[{"embeddable":true,"href":"https:\/\/neoprenocoronel.com\/index.php?rest_route=\/wp\/v2\/users\/1"}],"replies":[{"embeddable":true,"href":"https:\/\/neoprenocoronel.com\/index.php?rest_route=%2Fwp%2Fv2%2Fcomments&post=1705"}],"version-history":[{"count":34,"href":"https:\/\/neoprenocoronel.com\/index.php?rest_route=\/wp\/v2\/pages\/1705\/revisions"}],"predecessor-version":[{"id":1842,"href":"https:\/\/neoprenocoronel.com\/index.php?rest_route=\/wp\/v2\/pages\/1705\/revisions\/1842"}],"wp:attachment":[{"href":"https:\/\/neoprenocoronel.com\/index.php?rest_route=%2Fwp%2Fv2%2Fmedia&parent=1705"}],"curies":[{"name":"wp","href":"https:\/\/api.w.org\/{rel}","templated":true}]}}