{"id":797,"date":"2023-06-18T16:51:49","date_gmt":"2023-06-18T21:51:49","guid":{"rendered":"https:\/\/neoprenocoronel.com\/?page_id=797"},"modified":"2024-04-23T10:03:49","modified_gmt":"2024-04-23T15:03:49","slug":"sellado-dinamico","status":"publish","type":"page","link":"https:\/\/neoprenocoronel.com\/?page_id=797","title":{"rendered":"SELLADO DIN\u00c1MICO"},"content":{"rendered":"\t\t<div data-elementor-type=\"wp-page\" data-elementor-id=\"797\" class=\"elementor elementor-797\">\n\t\t\t\t\t\t<section class=\"elementor-section elementor-top-section elementor-element elementor-element-5b828e3 elementor-section-boxed elementor-section-height-default elementor-section-height-default\" data-id=\"5b828e3\" data-element_type=\"section\" data-e-type=\"section\" data-settings=\"{&quot;background_background&quot;:&quot;classic&quot;}\">\n\t\t\t\t\t\t\t<div class=\"elementor-background-overlay\"><\/div>\n\t\t\t\t\t\t\t<div class=\"elementor-container elementor-column-gap-no\">\n\t\t\t\t\t<div class=\"elementor-column elementor-col-100 elementor-top-column elementor-element elementor-element-73f9b90\" data-id=\"73f9b90\" data-element_type=\"column\" data-e-type=\"column\">\n\t\t\t<div class=\"elementor-widget-wrap elementor-element-populated\">\n\t\t\t\t\t\t<div class=\"elementor-element elementor-element-6cb9832 animated-slow elementor-invisible elementor-widget elementor-widget-heading\" data-id=\"6cb9832\" data-element_type=\"widget\" data-e-type=\"widget\" data-settings=\"{&quot;_animation&quot;:&quot;fadeIn&quot;}\" data-widget_type=\"heading.default\">\n\t\t\t\t<div class=\"elementor-widget-container\">\n\t\t\t\t\t<h1 class=\"elementor-heading-title elementor-size-default\">SELLADO DIN\u00c1MICO <\/h1>\t\t\t\t<\/div>\n\t\t\t\t<\/div>\n\t\t\t\t\t<\/div>\n\t\t<\/div>\n\t\t\t\t\t<\/div>\n\t\t<\/section>\n\t\t\t\t<section class=\"elementor-section elementor-top-section elementor-element elementor-element-9ca55ae elementor-section-boxed elementor-section-height-default elementor-section-height-default\" data-id=\"9ca55ae\" data-element_type=\"section\" data-e-type=\"section\" data-settings=\"{&quot;background_background&quot;:&quot;classic&quot;}\">\n\t\t\t\t\t\t<div class=\"elementor-container elementor-column-gap-no\">\n\t\t\t\t\t<div class=\"elementor-column elementor-col-50 elementor-top-column elementor-element elementor-element-285d1fe\" data-id=\"285d1fe\" data-element_type=\"column\" data-e-type=\"column\">\n\t\t\t<div class=\"elementor-widget-wrap elementor-element-populated\">\n\t\t\t\t\t\t<div class=\"elementor-element elementor-element-6108ee1 elementor-widget elementor-widget-heading\" data-id=\"6108ee1\" data-element_type=\"widget\" data-e-type=\"widget\" data-widget_type=\"heading.default\">\n\t\t\t\t<div class=\"elementor-widget-container\">\n\t\t\t\t\t<h2 class=\"elementor-heading-title elementor-size-default\">DESCRIPCI\u00d3N <\/h2>\t\t\t\t<\/div>\n\t\t\t\t<\/div>\n\t\t\t\t<div class=\"elementor-element elementor-element-a1a8fe3 elementor-widget elementor-widget-text-editor\" data-id=\"a1a8fe3\" data-element_type=\"widget\" data-e-type=\"widget\" data-widget_type=\"text-editor.default\">\n\t\t\t\t<div class=\"elementor-widget-container\">\n\t\t\t\t\t\t\t\t\t<p><span style=\"color: #ffcc00;\"><strong>LAMINA DE ASBESTO GRAFITADO (CON Y SIN INSERCION METALICA):<\/strong><\/span><br \/><strong><span style=\"color: #000000;\">Fibras de asbesto con aglutinantes en caucho, soporta una temperatura hasta de 350C\u00ba\u00a0<\/span><\/strong><\/p><p><span style=\"color: #ffcc00;\"><strong>LAMINA SINTETICA (LIBRE DE ASBESTO):<\/strong><\/span><br \/><strong><span style=\"color: #000000;\">Fibras libre de asbesto con aglutinantes en caucho, en un proceso de laminaci\u00f3n y compresi\u00f3n a altas temperaturas y presi\u00f3n.<\/span><\/strong><\/p><p><span style=\"color: #ffcc00;\"><strong>PAPEL HUMEDO:<\/strong><\/span><br \/><strong><span style=\"color: #000000;\">Se usa como empaquetadura est\u00e1tica para compresores, filtros, v\u00e1lvulas, bombas de agua, otros, es resistente al aceite.<\/span><\/strong><\/p><p><span style=\"color: #ffcc00;\"><strong>CORCHO CAUCHO: FIELTRO (SEMI DURO):<\/strong><\/span><br \/><strong><span style=\"color: #000000;\">se emplea como aislante t\u00e9rmico y ac\u00fastico, se utiliza en el trabajo mec\u00e1nico para la eliminaci\u00f3n de polvo, sellado de aceites, filtrado de aire y l\u00edquidos.<\/span><\/strong><\/p><p><span style=\"color: #ffcc00;\"><strong>LAMINA GRAFOIL EXPANDIDO:<\/strong><\/span><\/p><p><br \/><span style=\"color: #ffcc00;\"><strong>(CON Y SIN INSERCION METALICA):<\/strong><\/span><br \/><strong><span style=\"color: #000000;\">se emplea como aislante t\u00e9rmico y ac\u00fastico, se utiliza en el trabajo mec\u00e1nico para la eliminaci\u00f3n de polvo, sellado de aceites, filtrado de aire y l\u00edquidos.<\/span><\/strong><\/p><p><span style=\"color: #ffcc00;\"><strong>CINTA Y LAMINA (PTFE\/ EXPANDIDO):<\/strong><\/span><br \/><strong><span style=\"color: #000000;\">se emplea como aislante t\u00e9rmico y ac\u00fastico, se utiliza en el trabajo mec\u00e1nico para la eliminaci\u00f3n de polvo, sellado de aceites, filtrado de aire y l\u00edquidos.<\/span><\/strong><\/p>\t\t\t\t\t\t\t\t<\/div>\n\t\t\t\t<\/div>\n\t\t\t\t<div class=\"elementor-element elementor-element-e9ed9ac animated-slow elementor-invisible elementor-widget elementor-widget-image\" data-id=\"e9ed9ac\" data-element_type=\"widget\" data-e-type=\"widget\" data-settings=\"{&quot;_animation&quot;:&quot;fadeInRight&quot;}\" data-widget_type=\"image.default\">\n\t\t\t\t<div class=\"elementor-widget-container\">\n\t\t\t\t\t\t\t\t\t\t\t\t\t\t\t<img fetchpriority=\"high\" decoding=\"async\" width=\"720\" height=\"1280\" src=\"https:\/\/neoprenocoronel.com\/wp-content\/uploads\/2023\/06\/WhatsApp-Image-2023-06-11-at-5.48.48-PM.jpeg\" class=\"attachment-2048x2048 size-2048x2048 wp-image-859\" alt=\"\" srcset=\"https:\/\/neoprenocoronel.com\/wp-content\/uploads\/2023\/06\/WhatsApp-Image-2023-06-11-at-5.48.48-PM.jpeg 720w, https:\/\/neoprenocoronel.com\/wp-content\/uploads\/2023\/06\/WhatsApp-Image-2023-06-11-at-5.48.48-PM-169x300.jpeg 169w, https:\/\/neoprenocoronel.com\/wp-content\/uploads\/2023\/06\/WhatsApp-Image-2023-06-11-at-5.48.48-PM-576x1024.jpeg 576w\" sizes=\"(max-width: 720px) 100vw, 720px\" \/>\t\t\t\t\t\t\t\t\t\t\t\t\t\t\t<\/div>\n\t\t\t\t<\/div>\n\t\t\t\t\t<\/div>\n\t\t<\/div>\n\t\t\t\t<div class=\"elementor-column elementor-col-50 elementor-top-column elementor-element elementor-element-c50a96e\" data-id=\"c50a96e\" data-element_type=\"column\" data-e-type=\"column\">\n\t\t\t<div class=\"elementor-widget-wrap elementor-element-populated\">\n\t\t\t\t\t\t<div class=\"elementor-element elementor-element-ee65144 animated-slow elementor-invisible elementor-widget elementor-widget-image\" data-id=\"ee65144\" data-element_type=\"widget\" data-e-type=\"widget\" data-settings=\"{&quot;_animation&quot;:&quot;fadeInLeft&quot;}\" data-widget_type=\"image.default\">\n\t\t\t\t<div class=\"elementor-widget-container\">\n\t\t\t\t\t\t\t\t\t\t\t\t\t\t\t<img decoding=\"async\" width=\"576\" height=\"1024\" src=\"https:\/\/neoprenocoronel.com\/wp-content\/uploads\/2023\/06\/WhatsApp-Image-2023-06-11-at-5.50.44-PM-1-1-576x1024.jpeg\" class=\"attachment-large size-large wp-image-660\" alt=\"\" srcset=\"https:\/\/neoprenocoronel.com\/wp-content\/uploads\/2023\/06\/WhatsApp-Image-2023-06-11-at-5.50.44-PM-1-1-576x1024.jpeg 576w, https:\/\/neoprenocoronel.com\/wp-content\/uploads\/2023\/06\/WhatsApp-Image-2023-06-11-at-5.50.44-PM-1-1-169x300.jpeg 169w, https:\/\/neoprenocoronel.com\/wp-content\/uploads\/2023\/06\/WhatsApp-Image-2023-06-11-at-5.50.44-PM-1-1.jpeg 608w\" sizes=\"(max-width: 576px) 100vw, 576px\" \/>\t\t\t\t\t\t\t\t\t\t\t\t\t\t\t<\/div>\n\t\t\t\t<\/div>\n\t\t\t\t<div class=\"elementor-element elementor-element-10ce3f0 animated-slow elementor-invisible elementor-widget elementor-widget-image\" data-id=\"10ce3f0\" data-element_type=\"widget\" data-e-type=\"widget\" data-settings=\"{&quot;_animation&quot;:&quot;fadeInRight&quot;}\" data-widget_type=\"image.default\">\n\t\t\t\t<div class=\"elementor-widget-container\">\n\t\t\t\t\t\t\t\t\t\t\t\t\t\t\t<img decoding=\"async\" width=\"1280\" height=\"960\" src=\"https:\/\/neoprenocoronel.com\/wp-content\/uploads\/2023\/06\/WhatsApp-Image-2023-06-11-at-5.48.29-PM.jpeg\" class=\"attachment-full size-full wp-image-866\" alt=\"\" srcset=\"https:\/\/neoprenocoronel.com\/wp-content\/uploads\/2023\/06\/WhatsApp-Image-2023-06-11-at-5.48.29-PM.jpeg 1280w, https:\/\/neoprenocoronel.com\/wp-content\/uploads\/2023\/06\/WhatsApp-Image-2023-06-11-at-5.48.29-PM-300x225.jpeg 300w, https:\/\/neoprenocoronel.com\/wp-content\/uploads\/2023\/06\/WhatsApp-Image-2023-06-11-at-5.48.29-PM-1024x768.jpeg 1024w, https:\/\/neoprenocoronel.com\/wp-content\/uploads\/2023\/06\/WhatsApp-Image-2023-06-11-at-5.48.29-PM-768x576.jpeg 768w\" sizes=\"(max-width: 1280px) 100vw, 1280px\" \/>\t\t\t\t\t\t\t\t\t\t\t\t\t\t\t<\/div>\n\t\t\t\t<\/div>\n\t\t\t\t\t<\/div>\n\t\t<\/div>\n\t\t\t\t\t<\/div>\n\t\t<\/section>\n\t\t\t\t<section class=\"elementor-section elementor-top-section elementor-element elementor-element-cda8c23 elementor-section-boxed elementor-section-height-default elementor-section-height-default\" data-id=\"cda8c23\" data-element_type=\"section\" data-e-type=\"section\" data-settings=\"{&quot;background_background&quot;:&quot;classic&quot;}\">\n\t\t\t\t\t\t<div class=\"elementor-container elementor-column-gap-no\">\n\t\t\t\t\t<div class=\"elementor-column elementor-col-100 elementor-top-column elementor-element elementor-element-2b76a58\" data-id=\"2b76a58\" data-element_type=\"column\" data-e-type=\"column\">\n\t\t\t<div class=\"elementor-widget-wrap elementor-element-populated\">\n\t\t\t\t\t\t<div class=\"elementor-element elementor-element-7763bf2 elementor-widget elementor-widget-heading\" data-id=\"7763bf2\" data-element_type=\"widget\" data-e-type=\"widget\" data-widget_type=\"heading.default\">\n\t\t\t\t<div class=\"elementor-widget-container\">\n\t\t\t\t\t<h2 class=\"elementor-heading-title elementor-size-default\">PRODUCTOS DESTACADOS<\/h2>\t\t\t\t<\/div>\n\t\t\t\t<\/div>\n\t\t\t\t\t<\/div>\n\t\t<\/div>\n\t\t\t\t\t<\/div>\n\t\t<\/section>\n\t\t\t\t<\/div>\n\t\t","protected":false},"excerpt":{"rendered":"<p>SELLADO DIN\u00c1MICO DESCRIPCI\u00d3N LAMINA DE ASBESTO GRAFITADO (CON Y SIN INSERCION METALICA):Fibras de asbesto con aglutinantes en caucho, soporta una temperatura hasta de 350C\u00ba\u00a0 LAMINA SINTETICA (LIBRE DE ASBESTO):Fibras libre de asbesto con aglutinantes en caucho, en un proceso de laminaci\u00f3n y compresi\u00f3n a altas temperaturas y presi\u00f3n. PAPEL HUMEDO:Se usa como empaquetadura est\u00e1tica para [&hellip;]<\/p>\n","protected":false},"author":1,"featured_media":0,"parent":0,"menu_order":0,"comment_status":"closed","ping_status":"closed","template":"","meta":{"site-sidebar-layout":"no-sidebar","site-content-layout":"page-builder","ast-site-content-layout":"default","site-content-style":"default","site-sidebar-style":"default","ast-global-header-display":"","ast-banner-title-visibility":"","ast-main-header-display":"","ast-hfb-above-header-display":"","ast-hfb-below-header-display":"","ast-hfb-mobile-header-display":"","site-post-title":"disabled","ast-breadcrumbs-content":"disabled","ast-featured-img":"disabled","footer-sml-layout":"","ast-disable-related-posts":"","theme-transparent-header-meta":"enabled","adv-header-id-meta":"","stick-header-meta":"","header-above-stick-meta":"","header-main-stick-meta":"","header-below-stick-meta":"","astra-migrate-meta-layouts":"default","ast-page-background-enabled":"default","ast-page-background-meta":{"desktop":{"background-color":"var(--ast-global-color-4)","background-image":"","background-repeat":"repeat","background-position":"center center","background-size":"auto","background-attachment":"scroll","background-type":"","background-media":"","overlay-type":"","overlay-color":"","overlay-opacity":"","overlay-gradient":""},"tablet":{"background-color":"","background-image":"","background-repeat":"repeat","background-position":"center center","background-size":"auto","background-attachment":"scroll","background-type":"","background-media":"","overlay-type":"","overlay-color":"","overlay-opacity":"","overlay-gradient":""},"mobile":{"background-color":"","background-image":"","background-repeat":"repeat","background-position":"center center","background-size":"auto","background-attachment":"scroll","background-type":"","background-media":"","overlay-type":"","overlay-color":"","overlay-opacity":"","overlay-gradient":""}},"ast-content-background-meta":{"desktop":{"background-color":"var(--ast-global-color-5)","background-image":"","background-repeat":"repeat","background-position":"center center","background-size":"auto","background-attachment":"scroll","background-type":"","background-media":"","overlay-type":"","overlay-color":"","overlay-opacity":"","overlay-gradient":""},"tablet":{"background-color":"var(--ast-global-color-5)","background-image":"","background-repeat":"repeat","background-position":"center center","background-size":"auto","background-attachment":"scroll","background-type":"","background-media":"","overlay-type":"","overlay-color":"","overlay-opacity":"","overlay-gradient":""},"mobile":{"background-color":"var(--ast-global-color-5)","background-image":"","background-repeat":"repeat","background-position":"center center","background-size":"auto","background-attachment":"scroll","background-type":"","background-media":"","overlay-type":"","overlay-color":"","overlay-opacity":"","overlay-gradient":""}},"_joinchat":[],"footnotes":""},"class_list":["post-797","page","type-page","status-publish","hentry"],"yoast_head":"<!-- This site is optimized with the Yoast SEO plugin v27.5 - https:\/\/yoast.com\/product\/yoast-seo-wordpress\/ -->\n<title>SELLADO DIN\u00c1MICO - COMERCIALIZADORA CORONEL C.A<\/title>\n<meta name=\"robots\" content=\"index, follow, max-snippet:-1, max-image-preview:large, max-video-preview:-1\" \/>\n<link rel=\"canonical\" href=\"https:\/\/neoprenocoronel.com\/?page_id=797\" \/>\n<meta property=\"og:locale\" content=\"es_ES\" \/>\n<meta property=\"og:type\" content=\"article\" \/>\n<meta property=\"og:title\" content=\"SELLADO DIN\u00c1MICO - COMERCIALIZADORA CORONEL C.A\" \/>\n<meta property=\"og:description\" content=\"SELLADO DIN\u00c1MICO DESCRIPCI\u00d3N LAMINA DE ASBESTO GRAFITADO (CON Y SIN INSERCION METALICA):Fibras de asbesto con aglutinantes en caucho, soporta una temperatura hasta de 350C\u00ba\u00a0 LAMINA SINTETICA (LIBRE DE ASBESTO):Fibras libre de asbesto con aglutinantes en caucho, en un proceso de laminaci\u00f3n y compresi\u00f3n a altas temperaturas y presi\u00f3n. PAPEL HUMEDO:Se usa como empaquetadura est\u00e1tica para [&hellip;]\" \/>\n<meta property=\"og:url\" content=\"https:\/\/neoprenocoronel.com\/?page_id=797\" \/>\n<meta property=\"og:site_name\" content=\"COMERCIALIZADORA CORONEL C.A\" \/>\n<meta property=\"article:publisher\" content=\"https:\/\/www.facebook.com\/ComecIndustrial\" \/>\n<meta property=\"article:modified_time\" content=\"2024-04-23T15:03:49+00:00\" \/>\n<meta property=\"og:image\" content=\"http:\/\/neoprenocoronel.com\/wp-content\/uploads\/2023\/06\/WhatsApp-Image-2023-06-11-at-5.48.48-PM.jpeg\" \/>\n<meta name=\"twitter:card\" content=\"summary_large_image\" \/>\n<meta name=\"twitter:label1\" content=\"Tiempo de lectura\" \/>\n\t<meta name=\"twitter:data1\" content=\"5 minutos\" \/>\n<script type=\"application\/ld+json\" class=\"yoast-schema-graph\">{\"@context\":\"https:\\\/\\\/schema.org\",\"@graph\":[{\"@type\":\"WebPage\",\"@id\":\"https:\\\/\\\/neoprenocoronel.com\\\/?page_id=797\",\"url\":\"https:\\\/\\\/neoprenocoronel.com\\\/?page_id=797\",\"name\":\"SELLADO DIN\u00c1MICO - COMERCIALIZADORA CORONEL C.A\",\"isPartOf\":{\"@id\":\"https:\\\/\\\/neoprenocoronel.com\\\/#website\"},\"primaryImageOfPage\":{\"@id\":\"https:\\\/\\\/neoprenocoronel.com\\\/?page_id=797#primaryimage\"},\"image\":{\"@id\":\"https:\\\/\\\/neoprenocoronel.com\\\/?page_id=797#primaryimage\"},\"thumbnailUrl\":\"http:\\\/\\\/neoprenocoronel.com\\\/wp-content\\\/uploads\\\/2023\\\/06\\\/WhatsApp-Image-2023-06-11-at-5.48.48-PM.jpeg\",\"datePublished\":\"2023-06-18T21:51:49+00:00\",\"dateModified\":\"2024-04-23T15:03:49+00:00\",\"breadcrumb\":{\"@id\":\"https:\\\/\\\/neoprenocoronel.com\\\/?page_id=797#breadcrumb\"},\"inLanguage\":\"es-CO\",\"potentialAction\":[{\"@type\":\"ReadAction\",\"target\":[\"https:\\\/\\\/neoprenocoronel.com\\\/?page_id=797\"]}]},{\"@type\":\"ImageObject\",\"inLanguage\":\"es-CO\",\"@id\":\"https:\\\/\\\/neoprenocoronel.com\\\/?page_id=797#primaryimage\",\"url\":\"https:\\\/\\\/neoprenocoronel.com\\\/wp-content\\\/uploads\\\/2023\\\/06\\\/WhatsApp-Image-2023-06-11-at-5.48.48-PM.jpeg\",\"contentUrl\":\"https:\\\/\\\/neoprenocoronel.com\\\/wp-content\\\/uploads\\\/2023\\\/06\\\/WhatsApp-Image-2023-06-11-at-5.48.48-PM.jpeg\",\"width\":720,\"height\":1280},{\"@type\":\"BreadcrumbList\",\"@id\":\"https:\\\/\\\/neoprenocoronel.com\\\/?page_id=797#breadcrumb\",\"itemListElement\":[{\"@type\":\"ListItem\",\"position\":1,\"name\":\"Inicio\",\"item\":\"https:\\\/\\\/neoprenocoronel.com\\\/\"},{\"@type\":\"ListItem\",\"position\":2,\"name\":\"SELLADO DIN\u00c1MICO\"}]},{\"@type\":\"WebSite\",\"@id\":\"https:\\\/\\\/neoprenocoronel.com\\\/#website\",\"url\":\"https:\\\/\\\/neoprenocoronel.com\\\/\",\"name\":\"COMERCIALIZADORA CORONEL C.A\",\"description\":\"comercializamos todo tipo de material industrial, cauchos neopreno, laminas de baquelita y mucho mas\",\"publisher\":{\"@id\":\"https:\\\/\\\/neoprenocoronel.com\\\/#organization\"},\"potentialAction\":[{\"@type\":\"SearchAction\",\"target\":{\"@type\":\"EntryPoint\",\"urlTemplate\":\"https:\\\/\\\/neoprenocoronel.com\\\/?s={search_term_string}\"},\"query-input\":{\"@type\":\"PropertyValueSpecification\",\"valueRequired\":true,\"valueName\":\"search_term_string\"}}],\"inLanguage\":\"es-CO\"},{\"@type\":\"Organization\",\"@id\":\"https:\\\/\\\/neoprenocoronel.com\\\/#organization\",\"name\":\"COMERCIALIZADORA CORONEL C.A\",\"url\":\"https:\\\/\\\/neoprenocoronel.com\\\/\",\"logo\":{\"@type\":\"ImageObject\",\"inLanguage\":\"es-CO\",\"@id\":\"https:\\\/\\\/neoprenocoronel.com\\\/#\\\/schema\\\/logo\\\/image\\\/\",\"url\":\"https:\\\/\\\/neoprenocoronel.com\\\/wp-content\\\/uploads\\\/2024\\\/04\\\/coronel.jpg\",\"contentUrl\":\"https:\\\/\\\/neoprenocoronel.com\\\/wp-content\\\/uploads\\\/2024\\\/04\\\/coronel.jpg\",\"width\":1056,\"height\":1080,\"caption\":\"COMERCIALIZADORA CORONEL C.A\"},\"image\":{\"@id\":\"https:\\\/\\\/neoprenocoronel.com\\\/#\\\/schema\\\/logo\\\/image\\\/\"},\"sameAs\":[\"https:\\\/\\\/www.facebook.com\\\/ComecIndustrial\"]}]}<\/script>\n<!-- \/ Yoast SEO plugin. -->","yoast_head_json":{"title":"SELLADO DIN\u00c1MICO - COMERCIALIZADORA CORONEL C.A","robots":{"index":"index","follow":"follow","max-snippet":"max-snippet:-1","max-image-preview":"max-image-preview:large","max-video-preview":"max-video-preview:-1"},"canonical":"https:\/\/neoprenocoronel.com\/?page_id=797","og_locale":"es_ES","og_type":"article","og_title":"SELLADO DIN\u00c1MICO - COMERCIALIZADORA CORONEL C.A","og_description":"SELLADO DIN\u00c1MICO DESCRIPCI\u00d3N LAMINA DE ASBESTO GRAFITADO (CON Y SIN INSERCION METALICA):Fibras de asbesto con aglutinantes en caucho, soporta una temperatura hasta de 350C\u00ba\u00a0 LAMINA SINTETICA (LIBRE DE ASBESTO):Fibras libre de asbesto con aglutinantes en caucho, en un proceso de laminaci\u00f3n y compresi\u00f3n a altas temperaturas y presi\u00f3n. PAPEL HUMEDO:Se usa como empaquetadura est\u00e1tica para [&hellip;]","og_url":"https:\/\/neoprenocoronel.com\/?page_id=797","og_site_name":"COMERCIALIZADORA CORONEL C.A","article_publisher":"https:\/\/www.facebook.com\/ComecIndustrial","article_modified_time":"2024-04-23T15:03:49+00:00","og_image":[{"url":"http:\/\/neoprenocoronel.com\/wp-content\/uploads\/2023\/06\/WhatsApp-Image-2023-06-11-at-5.48.48-PM.jpeg","type":"","width":"","height":""}],"twitter_card":"summary_large_image","twitter_misc":{"Tiempo de lectura":"5 minutos"},"schema":{"@context":"https:\/\/schema.org","@graph":[{"@type":"WebPage","@id":"https:\/\/neoprenocoronel.com\/?page_id=797","url":"https:\/\/neoprenocoronel.com\/?page_id=797","name":"SELLADO DIN\u00c1MICO - COMERCIALIZADORA CORONEL C.A","isPartOf":{"@id":"https:\/\/neoprenocoronel.com\/#website"},"primaryImageOfPage":{"@id":"https:\/\/neoprenocoronel.com\/?page_id=797#primaryimage"},"image":{"@id":"https:\/\/neoprenocoronel.com\/?page_id=797#primaryimage"},"thumbnailUrl":"http:\/\/neoprenocoronel.com\/wp-content\/uploads\/2023\/06\/WhatsApp-Image-2023-06-11-at-5.48.48-PM.jpeg","datePublished":"2023-06-18T21:51:49+00:00","dateModified":"2024-04-23T15:03:49+00:00","breadcrumb":{"@id":"https:\/\/neoprenocoronel.com\/?page_id=797#breadcrumb"},"inLanguage":"es-CO","potentialAction":[{"@type":"ReadAction","target":["https:\/\/neoprenocoronel.com\/?page_id=797"]}]},{"@type":"ImageObject","inLanguage":"es-CO","@id":"https:\/\/neoprenocoronel.com\/?page_id=797#primaryimage","url":"https:\/\/neoprenocoronel.com\/wp-content\/uploads\/2023\/06\/WhatsApp-Image-2023-06-11-at-5.48.48-PM.jpeg","contentUrl":"https:\/\/neoprenocoronel.com\/wp-content\/uploads\/2023\/06\/WhatsApp-Image-2023-06-11-at-5.48.48-PM.jpeg","width":720,"height":1280},{"@type":"BreadcrumbList","@id":"https:\/\/neoprenocoronel.com\/?page_id=797#breadcrumb","itemListElement":[{"@type":"ListItem","position":1,"name":"Inicio","item":"https:\/\/neoprenocoronel.com\/"},{"@type":"ListItem","position":2,"name":"SELLADO DIN\u00c1MICO"}]},{"@type":"WebSite","@id":"https:\/\/neoprenocoronel.com\/#website","url":"https:\/\/neoprenocoronel.com\/","name":"COMERCIALIZADORA CORONEL C.A","description":"comercializamos todo tipo de material industrial, cauchos neopreno, laminas de baquelita y mucho mas","publisher":{"@id":"https:\/\/neoprenocoronel.com\/#organization"},"potentialAction":[{"@type":"SearchAction","target":{"@type":"EntryPoint","urlTemplate":"https:\/\/neoprenocoronel.com\/?s={search_term_string}"},"query-input":{"@type":"PropertyValueSpecification","valueRequired":true,"valueName":"search_term_string"}}],"inLanguage":"es-CO"},{"@type":"Organization","@id":"https:\/\/neoprenocoronel.com\/#organization","name":"COMERCIALIZADORA CORONEL C.A","url":"https:\/\/neoprenocoronel.com\/","logo":{"@type":"ImageObject","inLanguage":"es-CO","@id":"https:\/\/neoprenocoronel.com\/#\/schema\/logo\/image\/","url":"https:\/\/neoprenocoronel.com\/wp-content\/uploads\/2024\/04\/coronel.jpg","contentUrl":"https:\/\/neoprenocoronel.com\/wp-content\/uploads\/2024\/04\/coronel.jpg","width":1056,"height":1080,"caption":"COMERCIALIZADORA CORONEL C.A"},"image":{"@id":"https:\/\/neoprenocoronel.com\/#\/schema\/logo\/image\/"},"sameAs":["https:\/\/www.facebook.com\/ComecIndustrial"]}]}},"_links":{"self":[{"href":"https:\/\/neoprenocoronel.com\/index.php?rest_route=\/wp\/v2\/pages\/797","targetHints":{"allow":["GET"]}}],"collection":[{"href":"https:\/\/neoprenocoronel.com\/index.php?rest_route=\/wp\/v2\/pages"}],"about":[{"href":"https:\/\/neoprenocoronel.com\/index.php?rest_route=\/wp\/v2\/types\/page"}],"author":[{"embeddable":true,"href":"https:\/\/neoprenocoronel.com\/index.php?rest_route=\/wp\/v2\/users\/1"}],"replies":[{"embeddable":true,"href":"https:\/\/neoprenocoronel.com\/index.php?rest_route=%2Fwp%2Fv2%2Fcomments&post=797"}],"version-history":[{"count":46,"href":"https:\/\/neoprenocoronel.com\/index.php?rest_route=\/wp\/v2\/pages\/797\/revisions"}],"predecessor-version":[{"id":1765,"href":"https:\/\/neoprenocoronel.com\/index.php?rest_route=\/wp\/v2\/pages\/797\/revisions\/1765"}],"wp:attachment":[{"href":"https:\/\/neoprenocoronel.com\/index.php?rest_route=%2Fwp%2Fv2%2Fmedia&parent=797"}],"curies":[{"name":"wp","href":"https:\/\/api.w.org\/{rel}","templated":true}]}}